{"id":7480,"date":"2025-11-09T20:08:13","date_gmt":"2025-11-09T20:08:13","guid":{"rendered":"https:\/\/www.kalliontietokonemuseo.fi\/?page_id=7480"},"modified":"2025-11-09T23:29:34","modified_gmt":"2025-11-09T23:29:34","slug":"kannatustuotteet","status":"publish","type":"page","link":"https:\/\/www.kalliontietokonemuseo.fi\/en\/kannatustuotteet\/","title":{"rendered":"kannatustuotteet"},"content":{"rendered":"<div data-elementor-type=\"wp-page\" data-elementor-id=\"7480\" class=\"elementor elementor-7480\">\n\t\t\t\t\t\t\t\t\t<section class=\"elementor-section elementor-top-section elementor-element elementor-element-306b3368 elementor-section-full_width elementor-section-height-min-height elementor-section-items-top elementor-hidden-tablet elementor-section-height-default\" data-id=\"306b3368\" data-element_type=\"section\" data-settings=\"{&quot;background_background&quot;:&quot;classic&quot;}\">\n\t\t\t\t\t\t\t<div class=\"elementor-background-overlay\"><\/div>\n\t\t\t\t\t\t\t<div class=\"elementor-container elementor-column-gap-default\">\n\t\t\t\t\t<div class=\"elementor-column elementor-col-100 elementor-top-column elementor-element elementor-element-5a27dc64 elementor-hidden-tablet\" data-id=\"5a27dc64\" data-element_type=\"column\">\n\t\t\t<div class=\"elementor-widget-wrap elementor-element-populated\">\n\t\t\t\t\t\t\t\t<section class=\"elementor-section elementor-inner-section elementor-element elementor-element-291af460 elementor-section-full_width elementor-section-height-default elementor-section-height-default\" data-id=\"291af460\" data-element_type=\"section\">\n\t\t\t\t\t\t<div class=\"elementor-container elementor-column-gap-default\">\n\t\t\t\t\t<div class=\"elementor-column elementor-col-100 elementor-inner-column elementor-element elementor-element-534f8a1b\" data-id=\"534f8a1b\" data-element_type=\"column\">\n\t\t\t<div class=\"elementor-widget-wrap elementor-element-populated\">\n\t\t\t\t\t\t\t\t<div class=\"elementor-element elementor-element-b62edfe elementor-align-right elementor-widget elementor-widget-button\" data-id=\"b62edfe\" data-element_type=\"widget\" data-widget_type=\"button.default\">\n\t\t\t\t<div class=\"elementor-widget-container\">\n\t\t\t\t\t<div class=\"elementor-button-wrapper\">\n\t\t\t<a class=\"elementor-button elementor-button-link elementor-size-sm\" href=\"\/en\/\">\n\t\t\t\t\t\t<span class=\"elementor-button-content-wrapper\">\n\t\t\t\t\t\t<span class=\"elementor-button-icon elementor-align-icon-left\">\n\t\t\t\t<i aria-hidden=\"true\" class=\"fas fa-home\"><\/i>\t\t\t<\/span>\n\t\t\t\t\t\t<span class=\"elementor-button-text\"><\/span>\n\t\t<\/span>\n\t\t\t\t\t<\/a>\n\t\t<\/div>\n\t\t\t\t<\/div>\n\t\t\t\t<\/div>\n\t\t\t\t\t<\/div>\n\t\t<\/div>\n\t\t\t\t\t\t\t<\/div>\n\t\t<\/section>\n\t\t\t\t<section class=\"elementor-section elementor-inner-section elementor-element elementor-element-5948fea7 elementor-section-full_width elementor-hidden-tablet elementor-section-height-default elementor-section-height-default\" data-id=\"5948fea7\" data-element_type=\"section\">\n\t\t\t\t\t\t<div class=\"elementor-container elementor-column-gap-default\">\n\t\t\t\t\t<div class=\"elementor-column elementor-col-100 elementor-inner-column elementor-element elementor-element-22c29ecb\" data-id=\"22c29ecb\" data-element_type=\"column\">\n\t\t\t<div class=\"elementor-widget-wrap elementor-element-populated\">\n\t\t\t\t\t\t\t\t<div class=\"elementor-element elementor-element-66a9cba7 elementor-hidden-tablet elementor-widget elementor-widget-heading\" data-id=\"66a9cba7\" data-element_type=\"widget\" data-widget_type=\"heading.default\">\n\t\t\t\t<div class=\"elementor-widget-container\">\n\t\t\t<style>\/*! elementor - v3.15.0 - 02-08-2023 *\/\n.elementor-heading-title{padding:0;margin:0;line-height:1}.elementor-widget-heading .elementor-heading-title[class*=elementor-size-]>a{color:inherit;font-size:inherit;line-height:inherit}.elementor-widget-heading .elementor-heading-title.elementor-size-small{font-size:15px}.elementor-widget-heading .elementor-heading-title.elementor-size-medium{font-size:19px}.elementor-widget-heading .elementor-heading-title.elementor-size-large{font-size:29px}.elementor-widget-heading .elementor-heading-title.elementor-size-xl{font-size:39px}.elementor-widget-heading .elementor-heading-title.elementor-size-xxl{font-size:59px}<\/style><h2 class=\"elementor-heading-title elementor-size-default\">THE COMPUTER MUSEUM OF KALLIO<\/h2>\t\t<\/div>\n\t\t\t\t<\/div>\n\t\t\t\t<div class=\"elementor-element elementor-element-2b10722a elementor-hidden-tablet elementor-widget elementor-widget-heading\" data-id=\"2b10722a\" data-element_type=\"widget\" data-widget_type=\"heading.default\">\n\t\t\t\t<div class=\"elementor-widget-container\">\n\t\t\t<h2 class=\"elementor-heading-title elementor-size-default\">Home computing is back to the future!<\/h2>\t\t<\/div>\n\t\t\t\t<\/div>\n\t\t\t\t<div class=\"elementor-element elementor-element-91f597a elementor-hidden-desktop elementor-hidden-tablet elementor-widget elementor-widget-image\" data-id=\"91f597a\" data-element_type=\"widget\" data-widget_type=\"image.default\">\n\t\t\t\t<div class=\"elementor-widget-container\">\n\t\t\t<style>\/*! elementor - v3.15.0 - 02-08-2023 *\/\n.elementor-widget-image{text-align:center}.elementor-widget-image a{display:inline-block}.elementor-widget-image a img[src$=\".svg\"]{width:48px}.elementor-widget-image img{vertical-align:middle;display:inline-block}<\/style>\t\t\t\t\t\t\t\t\t<figure class=\"wp-caption\">\n\t\t\t\t\t\t\t\t\t\t<img loading=\"lazy\" decoding=\"async\" width=\"1000\" height=\"563\" src=\"https:\/\/www.kalliontietokonemuseo.fi\/wp-content\/uploads\/2025\/05\/Kuvakaappaus2025-05-18-07-57-06.resized.png\" class=\"attachment-large size-large wp-image-2731\" alt=\"\" srcset=\"https:\/\/www.kalliontietokonemuseo.fi\/wp-content\/uploads\/2025\/05\/Kuvakaappaus2025-05-18-07-57-06.resized.png 1000w, https:\/\/www.kalliontietokonemuseo.fi\/wp-content\/uploads\/2025\/05\/Kuvakaappaus2025-05-18-07-57-06.resized-300x169.png 300w, https:\/\/www.kalliontietokonemuseo.fi\/wp-content\/uploads\/2025\/05\/Kuvakaappaus2025-05-18-07-57-06.resized-768x432.png 768w\" sizes=\"auto, (max-width: 1000px) 100vw, 1000px\" \/>\t\t\t\t\t\t\t\t\t\t\t<figcaption class=\"widget-image-caption wp-caption-text\">\"It's like a computer shop from 1984!\"<\/figcaption>\n\t\t\t\t\t\t\t\t\t\t<\/figure>\n\t\t\t\t\t\t\t\t\t<\/div>\n\t\t\t\t<\/div>\n\t\t\t\t\t<\/div>\n\t\t<\/div>\n\t\t\t\t\t\t\t<\/div>\n\t\t<\/section>\n\t\t\t\t<section class=\"elementor-section elementor-inner-section elementor-element elementor-element-7d7f8314 elementor-section-full_width elementor-hidden-tablet elementor-section-height-default elementor-section-height-default\" data-id=\"7d7f8314\" data-element_type=\"section\">\n\t\t\t\t\t\t<div class=\"elementor-container elementor-column-gap-default\">\n\t\t\t\t\t<div class=\"elementor-column elementor-col-50 elementor-inner-column elementor-element elementor-element-24126e73\" data-id=\"24126e73\" data-element_type=\"column\">\n\t\t\t<div class=\"elementor-widget-wrap elementor-element-populated\">\n\t\t\t\t\t\t\t\t<div class=\"elementor-element elementor-element-3a240f33 elementor-hidden-tablet elementor-widget elementor-widget-heading\" data-id=\"3a240f33\" data-element_type=\"widget\" data-widget_type=\"heading.default\">\n\t\t\t\t<div class=\"elementor-widget-container\">\n\t\t\t<h2 class=\"elementor-heading-title elementor-size-default\">THE LONG-LOST COMPUTER CULTURE IS BACK TO THE FUTURE!<\/h2>\t\t<\/div>\n\t\t\t\t<\/div>\n\t\t\t\t<div class=\"elementor-element elementor-element-4370aac2 elementor-widget elementor-widget-text-editor\" data-id=\"4370aac2\" data-element_type=\"widget\" data-widget_type=\"text-editor.default\">\n\t\t\t\t<div class=\"elementor-widget-container\">\n\t\t\t<style>\/*! elementor - v3.15.0 - 02-08-2023 *\/\n.elementor-widget-text-editor.elementor-drop-cap-view-stacked .elementor-drop-cap{background-color:#69727d;color:#fff}.elementor-widget-text-editor.elementor-drop-cap-view-framed .elementor-drop-cap{color:#69727d;border:3px solid;background-color:transparent}.elementor-widget-text-editor:not(.elementor-drop-cap-view-default) .elementor-drop-cap{margin-top:8px}.elementor-widget-text-editor:not(.elementor-drop-cap-view-default) .elementor-drop-cap-letter{width:1em;height:1em}.elementor-widget-text-editor .elementor-drop-cap{float:left;text-align:center;line-height:1;font-size:50px}.elementor-widget-text-editor .elementor-drop-cap-letter{display:inline-block}<\/style>\t\t\t\t<p>Now you can enjoy the legendary  computer culture that has long been lost. The museum enable the activities for home computing hobbyists. The Computer Museum of Kallio stands for these activities.<\/p>\t\t\t\t\t\t<\/div>\n\t\t\t\t<\/div>\n\t\t\t\t<div class=\"elementor-element elementor-element-d23d9b5 elementor-hidden-desktop elementor-hidden-tablet elementor-widget elementor-widget-image\" data-id=\"d23d9b5\" data-element_type=\"widget\" data-widget_type=\"image.default\">\n\t\t\t\t<div class=\"elementor-widget-container\">\n\t\t\t\t\t\t\t\t\t\t\t\t<figure class=\"wp-caption\">\n\t\t\t\t\t\t\t\t\t\t<img loading=\"lazy\" decoding=\"async\" width=\"271\" height=\"380\" src=\"https:\/\/www.kalliontietokonemuseo.fi\/wp-content\/uploads\/2025\/11\/vuosijuliste2026museo.png\" class=\"attachment-large size-large wp-image-7487\" alt=\"\" srcset=\"https:\/\/www.kalliontietokonemuseo.fi\/wp-content\/uploads\/2025\/11\/vuosijuliste2026museo.png 271w, https:\/\/www.kalliontietokonemuseo.fi\/wp-content\/uploads\/2025\/11\/vuosijuliste2026museo-214x300.png 214w\" sizes=\"auto, (max-width: 271px) 100vw, 271px\" \/>\t\t\t\t\t\t\t\t\t\t\t<figcaption class=\"widget-image-caption wp-caption-text\">\"COMPUTERS FOR MASSES\"<\/figcaption>\n\t\t\t\t\t\t\t\t\t\t<\/figure>\n\t\t\t\t\t\t\t\t\t<\/div>\n\t\t\t\t<\/div>\n\t\t\t\t<div class=\"elementor-element elementor-element-1ead2fb elementor-hidden-tablet elementor-widget elementor-widget-heading\" data-id=\"1ead2fb\" data-element_type=\"widget\" data-widget_type=\"heading.default\">\n\t\t\t\t<div class=\"elementor-widget-container\">\n\t\t\t<h2 class=\"elementor-heading-title elementor-size-default\">COMPUTER FOR MASSES - A2 POSTER<\/h2>\t\t<\/div>\n\t\t\t\t<\/div>\n\t\t\t\t<div class=\"elementor-element elementor-element-3f50c08 elementor-widget elementor-widget-text-editor\" data-id=\"3f50c08\" data-element_type=\"widget\" data-widget_type=\"text-editor.default\">\n\t\t\t\t<div class=\"elementor-widget-container\">\n\t\t\t\t\t\t\t<p>The wall poster represents something that has been lost. It represents computer culture from a time when computers were a luxury enjoyed by few and merely a promise of the future. The phrase \"Computers for the masses\" was the philosophy of the legendary Jack Tramiel as he sought to dominate the home computer market with Commodore.<\/p><p>The poster, which serves as a promotional product, is 100% produced by The Computer Museum of Kallio (excluding printing).  The picture shows the museum's Amiga 1000 computer, which was won as the grand prize in Printti magazine's programming competition in 1986. Both the Amiga computer that was the grand prize and the winning program are on display at The Computer Museum of Kallio. The poster bears the stamp of the Kallio Computer Museum, which guarantees its authenticity.<\/p>\t\t\t\t\t\t<\/div>\n\t\t\t\t<\/div>\n\t\t\t\t<div class=\"elementor-element elementor-element-321c55b1 elementor-hidden-tablet elementor-widget elementor-widget-heading\" data-id=\"321c55b1\" data-element_type=\"widget\" data-widget_type=\"heading.default\">\n\t\t\t\t<div class=\"elementor-widget-container\">\n\t\t\t<h2 class=\"elementor-heading-title elementor-size-default\">Background<\/h2>\t\t<\/div>\n\t\t\t\t<\/div>\n\t\t\t\t<div class=\"elementor-element elementor-element-0f47b54 elementor-widget elementor-widget-text-editor\" data-id=\"0f47b54\" data-element_type=\"widget\" data-widget_type=\"text-editor.default\">\n\t\t\t\t<div class=\"elementor-widget-container\">\n\t\t\t\t\t\t\t<p>The Computer Museum of Kallio is inspired by computer culture, its promotion, and its preservation for the future. The museum originated from an enthusiasm for a specific era, loosely defined as the computer culture of the late 1970s to the mid-1990s, before the spread of the Internet and the PC era. During this period, many interesting and enjoyable things happened that have since faded into the mists of history.<\/p><p>But are they gone for good? Not if The  Computer Museum of Kallio has anything to say about it. From the museum's perspective, classic computers such as Commodore and Atari, among many others, were only out of sight for a short time. The Computer Museum of Kallio is bringing these temporarily absent devices back for everyone to use and reviving the hobbies associated with them. We think it's perfectly natural that someone would want to write programs on a 1984 Oric Atom or Sinclair Spectrum, for example. Not to mention games.<\/p><p>For this purpose, a support product has been created that values the computer culture of its time and helps to secure the museum's operations until 2026. And you can be part of this activity too.<\/p>\t\t\t\t\t\t<\/div>\n\t\t\t\t<\/div>\n\t\t\t\t<div class=\"elementor-element elementor-element-6579c68 elementor-hidden-tablet elementor-widget elementor-widget-heading\" data-id=\"6579c68\" data-element_type=\"widget\" data-widget_type=\"heading.default\">\n\t\t\t\t<div class=\"elementor-widget-container\">\n\t\t\t<h2 class=\"elementor-heading-title elementor-size-default\">Kuinka mukaan? <\/h2>\t\t<\/div>\n\t\t\t\t<\/div>\n\t\t\t\t<div class=\"elementor-element elementor-element-532f4fc elementor-widget elementor-widget-text-editor\" data-id=\"532f4fc\" data-element_type=\"widget\" data-widget_type=\"text-editor.default\">\n\t\t\t\t<div class=\"elementor-widget-container\">\n\t\t\t\t\t\t\t<p><strong>Mukaan p\u00e4\u00e4see esimerkiksi tilaamalla kannatustuotteen museolta. Osallistumisaika 9.11.2025 \u2013 9.1.2026.\u00a0 <\/strong>Osallistu siis viimeist\u00e4\u00e4n 9.1.2026 menness\u00e4. Osallistujien m\u00e4\u00e4r\u00e4n perusteella teemme painoksen ja l\u00e4het\u00e4mme kannatustuotteet vastaanottajille.\u00a0<\/p><p><strong>Kuinka osallistun kannatustuotteen hankintaan?<\/strong><\/p><p><span style=\"color: #ffff00;\"><strong>1. Osallistuminen verkkokaupan kautta<\/strong><\/span><\/p><p>Kannatustuottteen voi hankkia <a href=\"https:\/\/tickets.ilove8bit.fi\/index.php\/tuote\/kt001\/\" target=\"_blank\" rel=\"noopener\">verkkokaupastamme<\/a> 9.1.2026 menness\u00e4 ja se toimitetaan haluamaasi osoitteeseen painoksen valmistuttua (1-2 viikon sis\u00e4ll\u00e4).<\/p><p><span style=\"color: #ffff00;\"><strong>2. Osallistuminen pankkisiirrolla<\/strong><\/span><\/p><p>Voit my\u00f6s osallistua kustantamalla kannatustuotteen museon pankkitilille\u00a0<\/p><ul><li>The bank account number is FI93 5300 1720 1531 41. Please indicate Hankiworks as the recipient, which is the museum's parent company and is responsible for its costs.<\/li><li>Enter the recipient's name in the message field. <b>name<\/b>, <b>exact shipping address<\/b>, <b>phone number<\/b> and the reference <b>code KT001<\/b>.<\/li><\/ul><div>Pankkisiirolla toimiessasi valitse sopiva summa, jolla tilaus menee oikein:<\/div><div>\u00a0<\/div><ul><li>If the amount you indicate is \u20ac22.00, we will know that you are applying for a promotional product from the museum.<\/li><li>If the amount you indicate is \u20ac29.90, we know that the promotional product will be sent by post to Finland, as this includes the delivery costs for an S-package.<\/li><li>If the amount you indicate is \u20ac39.90, we know that the promotional product will be sent by post outside Finland, as this includes shipping costs abroad.<\/li><li>Lis\u00e4tietoa ja apuja tarvittaessa Kallion tietokonemuseolta.<\/li><\/ul>\t\t\t\t\t\t<\/div>\n\t\t\t\t<\/div>\n\t\t\t\t\t<\/div>\n\t\t<\/div>\n\t\t\t\t<div class=\"elementor-column elementor-col-50 elementor-inner-column elementor-element elementor-element-480aa05 elementor-hidden-tablet elementor-hidden-mobile\" data-id=\"480aa05\" data-element_type=\"column\">\n\t\t\t<div class=\"elementor-widget-wrap elementor-element-populated\">\n\t\t\t\t\t\t\t\t<div class=\"elementor-element elementor-element-9e5f349 elementor-hidden-tablet elementor-hidden-mobile elementor-widget elementor-widget-image\" data-id=\"9e5f349\" data-element_type=\"widget\" data-widget_type=\"image.default\">\n\t\t\t\t<div class=\"elementor-widget-container\">\n\t\t\t\t\t\t\t\t\t\t\t\t<figure class=\"wp-caption\">\n\t\t\t\t\t\t\t\t\t\t<img loading=\"lazy\" decoding=\"async\" width=\"271\" height=\"380\" src=\"https:\/\/www.kalliontietokonemuseo.fi\/wp-content\/uploads\/2025\/11\/vuosijuliste2026museo.png\" class=\"attachment-large size-large wp-image-7487\" alt=\"\" srcset=\"https:\/\/www.kalliontietokonemuseo.fi\/wp-content\/uploads\/2025\/11\/vuosijuliste2026museo.png 271w, https:\/\/www.kalliontietokonemuseo.fi\/wp-content\/uploads\/2025\/11\/vuosijuliste2026museo-214x300.png 214w\" sizes=\"auto, (max-width: 271px) 100vw, 271px\" \/>\t\t\t\t\t\t\t\t\t\t\t<figcaption class=\"widget-image-caption wp-caption-text\">THE SUPPORT PRODUCT FOR 2026: <br> \"COMPUTERS FOR MASSES\"<\/figcaption>\n\t\t\t\t\t\t\t\t\t\t<\/figure>\n\t\t\t\t\t\t\t\t\t<\/div>\n\t\t\t\t<\/div>\n\t\t\t\t<div class=\"elementor-element elementor-element-30537b4b elementor-hidden-tablet elementor-widget elementor-widget-heading\" data-id=\"30537b4b\" data-element_type=\"widget\" data-widget_type=\"heading.default\">\n\t\t\t\t<div class=\"elementor-widget-container\">\n\t\t\t<h2 class=\"elementor-heading-title elementor-size-default\">Contact<\/h2>\t\t<\/div>\n\t\t\t\t<\/div>\n\t\t\t\t<div class=\"elementor-element elementor-element-10143689 elementor-widget elementor-widget-text-editor\" data-id=\"10143689\" data-element_type=\"widget\" data-widget_type=\"text-editor.default\">\n\t\t\t\t<div class=\"elementor-widget-container\">\n\t\t\t\t\t\t\t<p style=\"text-align: left;\">The Computer Museum of Kallio<br \/>Alppikatu 17<br \/>00530 Helsinki Finland<br \/>info@kalliontietokonemuseo.fi<br \/>+358440100240<\/p><p>Kannatustuotteen voi hankkia joko <a href=\"https:\/\/tickets.ilove8bit.fi\/index.php\/tuote\/kt001\/\" target=\"_blank\" rel=\"noopener\">verkkokaupastamme<\/a> tai pankkisiirtona tilille.<\/p>\t\t\t\t\t\t<\/div>\n\t\t\t\t<\/div>\n\t\t\t\t\t<\/div>\n\t\t<\/div>\n\t\t\t\t\t\t\t<\/div>\n\t\t<\/section>\n\t\t\t\t<div class=\"elementor-element elementor-element-2b6998f4 elementor-widget elementor-widget-heading\" data-id=\"2b6998f4\" data-element_type=\"widget\" data-widget_type=\"heading.default\">\n\t\t\t\t<div class=\"elementor-widget-container\">\n\t\t\t<h2 class=\"elementor-heading-title elementor-size-default\">MADE WITH LOVE BY  <br> THE COMPUTER MUSEUM OF KALLIO<br><\/h2>\t\t<\/div>\n\t\t\t\t<\/div>\n\t\t\t\t<div class=\"elementor-element elementor-element-10b17da5 elementor-widget elementor-widget-spacer\" data-id=\"10b17da5\" data-element_type=\"widget\" data-widget_type=\"spacer.default\">\n\t\t\t\t<div class=\"elementor-widget-container\">\n\t\t\t<style>\/*! elementor - v3.15.0 - 02-08-2023 *\/\n.elementor-column .elementor-spacer-inner{height:var(--spacer-size)}.e-con{--container-widget-width:100%}.e-con-inner>.elementor-widget-spacer,.e-con>.elementor-widget-spacer{width:var(--container-widget-width,var(--spacer-size));--align-self:var(--container-widget-align-self,initial);--flex-shrink:0}.e-con-inner>.elementor-widget-spacer>.elementor-widget-container,.e-con-inner>.elementor-widget-spacer>.elementor-widget-container>.elementor-spacer,.e-con>.elementor-widget-spacer>.elementor-widget-container,.e-con>.elementor-widget-spacer>.elementor-widget-container>.elementor-spacer{height:100%}.e-con-inner>.elementor-widget-spacer>.elementor-widget-container>.elementor-spacer>.elementor-spacer-inner,.e-con>.elementor-widget-spacer>.elementor-widget-container>.elementor-spacer>.elementor-spacer-inner{height:var(--container-widget-height,var(--spacer-size))}<\/style>\t\t<div class=\"elementor-spacer\">\n\t\t\t<div class=\"elementor-spacer-inner\"><\/div>\n\t\t<\/div>\n\t\t\t\t<\/div>\n\t\t\t\t<\/div>\n\t\t\t\t\t<\/div>\n\t\t<\/div>\n\t\t\t\t\t\t\t<\/div>\n\t\t<\/section>\n\t\t\t\t\t\t\t<\/div>","protected":false},"excerpt":{"rendered":"<p>KALLION TIETOKONEMUSEO Kotimikroilua 2020-luvulla! &#8221;Seh\u00e4n on kuin tietokonekauppa vuodelta 1984!&#8221; KANNATUSTUOTTEILLA MUKAAN MUSEOTOIMINTAAN Kallion tietokonemuseon toimintaa vuodelle 2026 voi tukea kannatustuotteilla. Samalla p\u00e4\u00e4see osallistumaan museotoimintaan ja harrastamaan kauan kadoksissa ollutta tietokonekulttuuria, sill\u00e4 kannatustuotteilla mahdollistetaan Kallion tietokonemuseon toiminta. &#8221;COMPUTERS FOR MASSES&#8221; COMPUTER FOR MASSES &#8211; A2 SEIN\u00c4JULISTE Sein\u00e4juliste edustaa aika tavalla sit\u00e4, mik\u00e4 on kadonnut. Se &#8230; <a title=\"kannatustuotteet\" class=\"read-more\" href=\"https:\/\/www.kalliontietokonemuseo.fi\/en\/kannatustuotteet\/\" aria-label=\"Read more about kannatustuotteet\">Read more<\/a><\/p>","protected":false},"author":2,"featured_media":0,"parent":0,"menu_order":0,"comment_status":"closed","ping_status":"closed","template":"elementor_canvas","meta":{"footnotes":""},"class_list":["post-7480","page","type-page","status-publish"],"_links":{"self":[{"href":"https:\/\/www.kalliontietokonemuseo.fi\/en\/wp-json\/wp\/v2\/pages\/7480","targetHints":{"allow":["GET"]}}],"collection":[{"href":"https:\/\/www.kalliontietokonemuseo.fi\/en\/wp-json\/wp\/v2\/pages"}],"about":[{"href":"https:\/\/www.kalliontietokonemuseo.fi\/en\/wp-json\/wp\/v2\/types\/page"}],"author":[{"embeddable":true,"href":"https:\/\/www.kalliontietokonemuseo.fi\/en\/wp-json\/wp\/v2\/users\/2"}],"replies":[{"embeddable":true,"href":"https:\/\/www.kalliontietokonemuseo.fi\/en\/wp-json\/wp\/v2\/comments?post=7480"}],"version-history":[{"count":130,"href":"https:\/\/www.kalliontietokonemuseo.fi\/en\/wp-json\/wp\/v2\/pages\/7480\/revisions"}],"predecessor-version":[{"id":7647,"href":"https:\/\/www.kalliontietokonemuseo.fi\/en\/wp-json\/wp\/v2\/pages\/7480\/revisions\/7647"}],"wp:attachment":[{"href":"https:\/\/www.kalliontietokonemuseo.fi\/en\/wp-json\/wp\/v2\/media?parent=7480"}],"curies":[{"name":"wp","href":"https:\/\/api.w.org\/{rel}","templated":true}]}}